{"id":254,"date":"2021-12-17T14:00:34","date_gmt":"2021-12-17T14:00:34","guid":{"rendered":"https:\/\/wolat.pl\/?page_id=254"},"modified":"2024-10-20T11:52:47","modified_gmt":"2024-10-20T11:52:47","slug":"o-firme","status":"publish","type":"page","link":"https:\/\/wolat.pl\/en\/o-firme\/","title":{"rendered":"O firme"},"content":{"rendered":"<div data-elementor-type=\"wp-page\" data-elementor-id=\"254\" class=\"elementor elementor-254\">\n\t\t\t\t\t\t<section class=\"elementor-section elementor-top-section elementor-element elementor-element-3cfca44a elementor-section-height-min-height elementor-section-content-bottom elementor-section-boxed elementor-section-height-default elementor-section-items-middle\" data-id=\"3cfca44a\" data-element_type=\"section\" data-e-type=\"section\" data-settings=\"{&quot;background_background&quot;:&quot;classic&quot;}\">\n\t\t\t\t\t\t<div class=\"elementor-container elementor-column-gap-no\">\n\t\t\t\t\t<div class=\"elementor-column elementor-col-100 elementor-top-column elementor-element elementor-element-510561f6\" data-id=\"510561f6\" data-element_type=\"column\" data-e-type=\"column\">\n\t\t\t<div class=\"elementor-widget-wrap elementor-element-populated\">\n\t\t\t\t\t\t<div class=\"elementor-element elementor-element-2f427895 animated-slow elementor-invisible elementor-widget elementor-widget-heading\" data-id=\"2f427895\" data-element_type=\"widget\" data-e-type=\"widget\" data-settings=\"{&quot;_animation&quot;:&quot;fadeInUp&quot;,&quot;_animation_delay&quot;:100}\" data-widget_type=\"heading.default\">\n\t\t\t\t<div class=\"elementor-widget-container\">\n\t\t\t\t\t<h2 class=\"elementor-heading-title elementor-size-default\"> about<\/h2>\t\t\t\t<\/div>\n\t\t\t\t<\/div>\n\t\t\t\t<div class=\"elementor-element elementor-element-6c0ba829 elementor-invisible elementor-widget elementor-widget-spacer\" data-id=\"6c0ba829\" data-element_type=\"widget\" data-e-type=\"widget\" data-settings=\"{&quot;_animation&quot;:&quot;fadeInDown&quot;}\" data-widget_type=\"spacer.default\">\n\t\t\t\t<div class=\"elementor-widget-container\">\n\t\t\t\t\t\t\t<div class=\"elementor-spacer\">\n\t\t\t<div class=\"elementor-spacer-inner\"><\/div>\n\t\t<\/div>\n\t\t\t\t\t\t<\/div>\n\t\t\t\t<\/div>\n\t\t\t\t<div class=\"elementor-element elementor-element-79214a8f elementor-widget elementor-widget-text-editor\" data-id=\"79214a8f\" data-element_type=\"widget\" data-e-type=\"widget\" data-widget_type=\"text-editor.default\">\n\t\t\t\t<div class=\"elementor-widget-container\">\n\t\t\t\t\t\t\t\t\t<p>WOLAT &#8211; to biuro konstrukcyjne, ktore swiadcza <a href=\"https:\/\/wolat.pl\/en\/oferta\/\">kompleksowe us\u0142ugi<\/a> w zakresie projektowania CAD (3D), oblicze\u0144 in\u017cynierskich (MES), rysunka technicznego oraz wizualizacja i rendering.<\/p><p><span style=\"font-size: 16px; letter-spacing: var( --e-global-typography-text-letter-spacing );\">Wykonujemy projektowanie cz\u0119\u015bci, podzespol\u00f3w, mechanizm\u00f3w, maszyn i <a href=\"https:\/\/wolat.pl\/en\/realizacji\/\">urz\u0105dze\u0144 technicznych<\/a>.\u00a0<\/span><\/p><p><span style=\"font-size: 16px; letter-spacing: var( --e-global-typography-text-letter-spacing );\">Ofertujemy najwy\u017cszej jako\u015bci us\u0142ugi dla przemyslu, biznesu, nauki i codziennego \u017cycia.\u00a0<br \/><\/span><span style=\"font-size: 16px; letter-spacing: var( --e-global-typography-text-letter-spacing );\">Firma powsta\u0142a na podstawie stale rosn\u0105cego popytu na projektowo-konstrukcyjne us\u0142ugi. Mamy du\u017ce do\u015bwiadczenie w projektowaniu linii automatyzacji produkcji. Bie\u017cemy pod uwag\u0119 dynamiczny rozw\u00f3j rynku zwi\u0105zanego z projektowaniem nowych produkt\u00f3w. Zajmujemy si\u0119 r\u00f3wnie\u017c optymizacj\u0105 istniej\u0105cych mechanizm\u00f3w z wykorzystaniem innowacyjnych rozwi\u0105za\u0144.<\/span><\/p>\t\t\t\t\t\t\t\t<\/div>\n\t\t\t\t<\/div>\n\t\t\t\t\t<\/div>\n\t\t<\/div>\n\t\t\t\t\t<\/div>\n\t\t<\/section>\n\t\t\t\t<section class=\"elementor-section elementor-top-section elementor-element elementor-element-541aec5 elementor-section-height-min-height elementor-section-items-stretch elementor-section-boxed elementor-section-height-default\" data-id=\"541aec5\" data-element_type=\"section\" data-e-type=\"section\">\n\t\t\t\t\t\t<div class=\"elementor-container elementor-column-gap-default\">\n\t\t\t\t\t<div class=\"elementor-column elementor-col-100 elementor-top-column elementor-element elementor-element-da6e4ca\" data-id=\"da6e4ca\" data-element_type=\"column\" data-e-type=\"column\">\n\t\t\t<div class=\"elementor-widget-wrap elementor-element-populated\">\n\t\t\t\t\t\t<div class=\"elementor-element elementor-element-9f995d0 elementor-widget elementor-widget-spacer\" data-id=\"9f995d0\" data-element_type=\"widget\" data-e-type=\"widget\" data-widget_type=\"spacer.default\">\n\t\t\t\t<div class=\"elementor-widget-container\">\n\t\t\t\t\t\t\t<div class=\"elementor-spacer\">\n\t\t\t<div class=\"elementor-spacer-inner\"><\/div>\n\t\t<\/div>\n\t\t\t\t\t\t<\/div>\n\t\t\t\t<\/div>\n\t\t\t\t<div class=\"elementor-element elementor-element-96d94c5 elementor-widget elementor-widget-heading\" data-id=\"96d94c5\" data-element_type=\"widget\" data-e-type=\"widget\" data-settings=\"{&quot;_animation&quot;:&quot;none&quot;}\" data-widget_type=\"heading.default\">\n\t\t\t\t<div class=\"elementor-widget-container\">\n\t\t\t\t\t<h2 class=\"elementor-heading-title elementor-size-default\">PARTNERS AND SUPPLIERS<\/h2>\t\t\t\t<\/div>\n\t\t\t\t<\/div>\n\t\t\t\t<div class=\"elementor-element elementor-element-0d93eff animated-slow elementor-widget-divider--view-line elementor-invisible elementor-widget elementor-widget-divider\" data-id=\"0d93eff\" data-element_type=\"widget\" data-e-type=\"widget\" data-settings=\"{&quot;_animation&quot;:&quot;fadeIn&quot;}\" data-widget_type=\"divider.default\">\n\t\t\t\t<div class=\"elementor-widget-container\">\n\t\t\t\t\t\t\t<div class=\"elementor-divider\">\n\t\t\t<span class=\"elementor-divider-separator\">\n\t\t\t\t\t\t<\/span>\n\t\t<\/div>\n\t\t\t\t\t\t<\/div>\n\t\t\t\t<\/div>\n\t\t\t\t<div class=\"elementor-element elementor-element-3f371b6 elementor-arrows-position-outside elementor-pagination-position-outside elementor-widget elementor-widget-image-carousel\" data-id=\"3f371b6\" data-element_type=\"widget\" data-e-type=\"widget\" data-settings=\"{&quot;image_spacing_custom&quot;:{&quot;unit&quot;:&quot;px&quot;,&quot;size&quot;:100,&quot;sizes&quot;:[]},&quot;autoplay_speed&quot;:2000,&quot;speed&quot;:400,&quot;navigation&quot;:&quot;both&quot;,&quot;autoplay&quot;:&quot;yes&quot;,&quot;pause_on_hover&quot;:&quot;yes&quot;,&quot;pause_on_interaction&quot;:&quot;yes&quot;,&quot;infinite&quot;:&quot;yes&quot;,&quot;image_spacing_custom_tablet&quot;:{&quot;unit&quot;:&quot;px&quot;,&quot;size&quot;:&quot;&quot;,&quot;sizes&quot;:[]},&quot;image_spacing_custom_mobile&quot;:{&quot;unit&quot;:&quot;px&quot;,&quot;size&quot;:&quot;&quot;,&quot;sizes&quot;:[]}}\" data-widget_type=\"image-carousel.default\">\n\t\t\t\t<div class=\"elementor-widget-container\">\n\t\t\t\t\t\t\t<div class=\"elementor-image-carousel-wrapper swiper\" role=\"region\" aria-roledescription=\"carousel\" aria-label=\"Image Carousel\" dir=\"ltr\">\n\t\t\t<div class=\"elementor-image-carousel swiper-wrapper\" aria-live=\"off\">\n\t\t\t\t\t\t\t\t<div class=\"swiper-slide\" role=\"group\" aria-roledescription=\"slide\" aria-label=\"1 of 7\"><figure class=\"swiper-slide-inner\"><img decoding=\"async\" class=\"swiper-slide-image\" src=\"https:\/\/wolat.pl\/wp-content\/uploads\/2021\/12\/Festo_logo.svg-1-e1639833211696.png\" alt=\"Festo_logo.svg\" \/><\/figure><\/div><div class=\"swiper-slide\" role=\"group\" aria-roledescription=\"slide\" aria-label=\"2 of 7\"><figure class=\"swiper-slide-inner\"><img decoding=\"async\" class=\"swiper-slide-image\" src=\"https:\/\/wolat.pl\/wp-content\/uploads\/2021\/12\/interroll-e1639833218304.png\" alt=\"interroll\" \/><\/figure><\/div><div class=\"swiper-slide\" role=\"group\" aria-roledescription=\"slide\" aria-label=\"3 of 7\"><figure class=\"swiper-slide-inner\"><img decoding=\"async\" class=\"swiper-slide-image\" src=\"https:\/\/wolat.pl\/wp-content\/uploads\/2021\/12\/kipp-e1639833232460.png\" alt=\"kipp\" \/><\/figure><\/div><div class=\"swiper-slide\" role=\"group\" aria-roledescription=\"slide\" aria-label=\"4 of 7\"><figure class=\"swiper-slide-inner\"><img decoding=\"async\" class=\"swiper-slide-image\" src=\"https:\/\/wolat.pl\/wp-content\/uploads\/2021\/12\/logo-solidworks-kolor-e1639833238476.png\" alt=\"logo-solidworks-kolor\" \/><\/figure><\/div><div class=\"swiper-slide\" role=\"group\" aria-roledescription=\"slide\" aria-label=\"5 of 7\"><figure class=\"swiper-slide-inner\"><img decoding=\"async\" class=\"swiper-slide-image\" src=\"https:\/\/wolat.pl\/wp-content\/uploads\/2021\/12\/nord-drivesystems-vector-logo-e1639833244651.png\" alt=\"nord-drivesystems-vector-logo\" \/><\/figure><\/div><div class=\"swiper-slide\" role=\"group\" aria-roledescription=\"slide\" aria-label=\"6 of 7\"><figure class=\"swiper-slide-inner\"><img decoding=\"async\" class=\"swiper-slide-image\" src=\"https:\/\/wolat.pl\/wp-content\/uploads\/2021\/12\/quadro-e1639833252719.png\" alt=\"quadro\" \/><\/figure><\/div><div class=\"swiper-slide\" role=\"group\" aria-roledescription=\"slide\" aria-label=\"7 of 7\"><figure class=\"swiper-slide-inner\"><img decoding=\"async\" class=\"swiper-slide-image\" src=\"https:\/\/wolat.pl\/wp-content\/uploads\/2021\/12\/SEW_LOGO.svg-e1639833256169.png\" alt=\"SEW_LOGO.svg\" \/><\/figure><\/div>\t\t\t<\/div>\n\t\t\t\t\t\t\t\t\t\t\t\t<div class=\"elementor-swiper-button elementor-swiper-button-prev\" role=\"button\" tabindex=\"0\">\n\t\t\t\t\t\t<i aria-hidden=\"true\" class=\"eicon-chevron-left\"><\/i>\t\t\t\t\t<\/div>\n\t\t\t\t\t<div class=\"elementor-swiper-button elementor-swiper-button-next\" role=\"button\" tabindex=\"0\">\n\t\t\t\t\t\t<i aria-hidden=\"true\" class=\"eicon-chevron-right\"><\/i>\t\t\t\t\t<\/div>\n\t\t\t\t\n\t\t\t\t\t\t\t\t\t<div class=\"swiper-pagination\"><\/div>\n\t\t\t\t\t\t\t\t\t<\/div>\n\t\t\t\t\t\t<\/div>\n\t\t\t\t<\/div>\n\t\t\t\t\t<\/div>\n\t\t<\/div>\n\t\t\t\t\t<\/div>\n\t\t<\/section>\n\t\t\t\t<\/div>","protected":false},"excerpt":{"rendered":"<p>o nas WOLAT &#8211; to biuro konstrukcyjne, ktore swiadcza kompleksowe us\u0142ugi w zakresie projektowania CAD (3D), oblicze\u0144 in\u017cynierskich (MES), rysunka technicznego oraz wizualizacja i rendering. Wykonujemy projektowanie cz\u0119\u015bci, podzespol\u00f3w, mechanizm\u00f3w, maszyn i urz\u0105dze\u0144 technicznych.\u00a0 Ofertujemy najwy\u017cszej jako\u015bci us\u0142ugi dla przemyslu, biznesu, nauki i codziennego \u017cycia.\u00a0Firma powsta\u0142a na podstawie stale rosn\u0105cego popytu na projektowo-konstrukcyjne us\u0142ugi. Mamy [&hellip;]<\/p>\n","protected":false},"author":1,"featured_media":0,"parent":0,"menu_order":0,"comment_status":"closed","ping_status":"closed","template":"","meta":{"_eb_attr":"","_monsterinsights_skip_tracking":false,"_monsterinsights_sitenote_active":false,"_monsterinsights_sitenote_note":"","_monsterinsights_sitenote_category":0,"ocean_post_layout":"full-screen","ocean_both_sidebars_style":"","ocean_both_sidebars_content_width":0,"ocean_both_sidebars_sidebars_width":0,"ocean_sidebar":"0","ocean_second_sidebar":"0","ocean_disable_margins":"enable","ocean_add_body_class":"","ocean_shortcode_before_top_bar":"","ocean_shortcode_after_top_bar":"","ocean_shortcode_before_header":"","ocean_shortcode_after_header":"","ocean_has_shortcode":"","ocean_shortcode_after_title":"","ocean_shortcode_before_footer_widgets":"","ocean_shortcode_after_footer_widgets":"","ocean_shortcode_before_footer_bottom":"","ocean_shortcode_after_footer_bottom":"","ocean_display_top_bar":"off","ocean_display_header":"off","ocean_header_style":"transparent","ocean_center_header_left_menu":"0","ocean_custom_header_template":"0","ocean_custom_logo":0,"ocean_custom_retina_logo":0,"ocean_custom_logo_max_width":0,"ocean_custom_logo_tablet_max_width":0,"ocean_custom_logo_mobile_max_width":0,"ocean_custom_logo_max_height":0,"ocean_custom_logo_tablet_max_height":0,"ocean_custom_logo_mobile_max_height":0,"ocean_header_custom_menu":"0","ocean_menu_typo_font_family":"0","ocean_menu_typo_font_subset":"","ocean_menu_typo_font_size":0,"ocean_menu_typo_font_size_tablet":0,"ocean_menu_typo_font_size_mobile":0,"ocean_menu_typo_font_size_unit":"px","ocean_menu_typo_font_weight":"","ocean_menu_typo_font_weight_tablet":"","ocean_menu_typo_font_weight_mobile":"","ocean_menu_typo_transform":"","ocean_menu_typo_transform_tablet":"","ocean_menu_typo_transform_mobile":"","ocean_menu_typo_line_height":0,"ocean_menu_typo_line_height_tablet":0,"ocean_menu_typo_line_height_mobile":0,"ocean_menu_typo_line_height_unit":"","ocean_menu_typo_spacing":0,"ocean_menu_typo_spacing_tablet":0,"ocean_menu_typo_spacing_mobile":0,"ocean_menu_typo_spacing_unit":"","ocean_menu_link_color":"","ocean_menu_link_color_hover":"","ocean_menu_link_color_active":"","ocean_menu_link_background":"","ocean_menu_link_hover_background":"","ocean_menu_link_active_background":"","ocean_menu_social_links_bg":"","ocean_menu_social_hover_links_bg":"","ocean_menu_social_links_color":"","ocean_menu_social_hover_links_color":"","ocean_disable_title":"on","ocean_disable_heading":"default","ocean_post_title":"","ocean_post_subheading":"","ocean_post_title_style":"","ocean_post_title_background_color":"","ocean_post_title_background":0,"ocean_post_title_bg_image_position":"","ocean_post_title_bg_image_attachment":"","ocean_post_title_bg_image_repeat":"","ocean_post_title_bg_image_size":"","ocean_post_title_height":0,"ocean_post_title_bg_overlay":0.5,"ocean_post_title_bg_overlay_color":"","ocean_disable_breadcrumbs":"default","ocean_breadcrumbs_color":"","ocean_breadcrumbs_separator_color":"","ocean_breadcrumbs_links_color":"","ocean_breadcrumbs_links_hover_color":"","ocean_display_footer_widgets":"off","ocean_display_footer_bottom":"off","ocean_custom_footer_template":"0","footnotes":""},"class_list":["post-254","page","type-page","status-publish","hentry","entry"],"yoast_head":"<!-- This site is optimized with the Yoast SEO plugin v27.3 - https:\/\/yoast.com\/product\/yoast-seo-wordpress\/ -->\n<title>O firme | WOLAT<\/title>\n<meta name=\"robots\" content=\"index, follow, max-snippet:-1, max-image-preview:large, max-video-preview:-1\" \/>\n<link rel=\"canonical\" href=\"https:\/\/wolat.pl\/en\/o-firme\/\" \/>\n<meta property=\"og:locale\" content=\"en_GB\" \/>\n<meta property=\"og:type\" content=\"article\" \/>\n<meta property=\"og:title\" content=\"O firme | WOLAT\" \/>\n<meta property=\"og:description\" content=\"o nas WOLAT &#8211; to biuro konstrukcyjne, ktore swiadcza kompleksowe us\u0142ugi w zakresie projektowania CAD (3D), oblicze\u0144 in\u017cynierskich (MES), rysunka technicznego oraz wizualizacja i rendering. Wykonujemy projektowanie cz\u0119\u015bci, podzespol\u00f3w, mechanizm\u00f3w, maszyn i urz\u0105dze\u0144 technicznych.\u00a0 Ofertujemy najwy\u017cszej jako\u015bci us\u0142ugi dla przemyslu, biznesu, nauki i codziennego \u017cycia.\u00a0Firma powsta\u0142a na podstawie stale rosn\u0105cego popytu na projektowo-konstrukcyjne us\u0142ugi. Mamy [&hellip;]\" \/>\n<meta property=\"og:url\" content=\"https:\/\/wolat.pl\/en\/o-firme\/\" \/>\n<meta property=\"og:site_name\" content=\"WOLAT\" \/>\n<meta property=\"article:modified_time\" content=\"2024-10-20T11:52:47+00:00\" \/>\n<meta property=\"og:image\" content=\"https:\/\/wolat.pl\/wp-content\/uploads\/2021\/12\/Festo_logo.svg-1-e1639833211696.png\" \/>\n<meta name=\"twitter:card\" content=\"summary_large_image\" \/>\n<meta name=\"twitter:label1\" content=\"Estimated reading time\" \/>\n\t<meta name=\"twitter:data1\" content=\"4 minutes\" \/>\n<script type=\"application\/ld+json\" class=\"yoast-schema-graph\">{\"@context\":\"https:\\\/\\\/schema.org\",\"@graph\":[{\"@type\":\"WebPage\",\"@id\":\"https:\\\/\\\/wolat.pl\\\/o-firme\\\/\",\"url\":\"https:\\\/\\\/wolat.pl\\\/o-firme\\\/\",\"name\":\"O firme | WOLAT\",\"isPartOf\":{\"@id\":\"https:\\\/\\\/wolat.pl\\\/#website\"},\"primaryImageOfPage\":{\"@id\":\"https:\\\/\\\/wolat.pl\\\/o-firme\\\/#primaryimage\"},\"image\":{\"@id\":\"https:\\\/\\\/wolat.pl\\\/o-firme\\\/#primaryimage\"},\"thumbnailUrl\":\"https:\\\/\\\/wolat.pl\\\/wp-content\\\/uploads\\\/2021\\\/12\\\/Festo_logo.svg-1-e1639833211696.png\",\"datePublished\":\"2021-12-17T14:00:34+00:00\",\"dateModified\":\"2024-10-20T11:52:47+00:00\",\"breadcrumb\":{\"@id\":\"https:\\\/\\\/wolat.pl\\\/o-firme\\\/#breadcrumb\"},\"inLanguage\":\"en-GB\",\"potentialAction\":[{\"@type\":\"ReadAction\",\"target\":[\"https:\\\/\\\/wolat.pl\\\/o-firme\\\/\"]}]},{\"@type\":\"ImageObject\",\"inLanguage\":\"en-GB\",\"@id\":\"https:\\\/\\\/wolat.pl\\\/o-firme\\\/#primaryimage\",\"url\":\"https:\\\/\\\/wolat.pl\\\/wp-content\\\/uploads\\\/2021\\\/12\\\/Festo_logo.svg-1-e1639833211696.png\",\"contentUrl\":\"https:\\\/\\\/wolat.pl\\\/wp-content\\\/uploads\\\/2021\\\/12\\\/Festo_logo.svg-1-e1639833211696.png\"},{\"@type\":\"BreadcrumbList\",\"@id\":\"https:\\\/\\\/wolat.pl\\\/o-firme\\\/#breadcrumb\",\"itemListElement\":[{\"@type\":\"ListItem\",\"position\":1,\"name\":\"Strona g\u0142\u00f3wna\",\"item\":\"https:\\\/\\\/wolat.pl\\\/\"},{\"@type\":\"ListItem\",\"position\":2,\"name\":\"O firme\"}]},{\"@type\":\"WebSite\",\"@id\":\"https:\\\/\\\/wolat.pl\\\/#website\",\"url\":\"https:\\\/\\\/wolat.pl\\\/\",\"name\":\"WOLAT\",\"description\":\"WOLAT - biuro konstrukcyjne, ktore swiadcza kompleksowe uslugi w zakresie projektowania CAD (3D), oblicze\u0144 in\u017cynierskich (MES), rysunka technicznego oraz wizualizacja i rendering\",\"publisher\":{\"@id\":\"https:\\\/\\\/wolat.pl\\\/#organization\"},\"potentialAction\":[{\"@type\":\"SearchAction\",\"target\":{\"@type\":\"EntryPoint\",\"urlTemplate\":\"https:\\\/\\\/wolat.pl\\\/?s={search_term_string}\"},\"query-input\":{\"@type\":\"PropertyValueSpecification\",\"valueRequired\":true,\"valueName\":\"search_term_string\"}}],\"inLanguage\":\"en-GB\"},{\"@type\":\"Organization\",\"@id\":\"https:\\\/\\\/wolat.pl\\\/#organization\",\"name\":\"WOLAT biuro konstrukcyjne\",\"url\":\"https:\\\/\\\/wolat.pl\\\/\",\"logo\":{\"@type\":\"ImageObject\",\"inLanguage\":\"en-GB\",\"@id\":\"https:\\\/\\\/wolat.pl\\\/#\\\/schema\\\/logo\\\/image\\\/\",\"url\":\"https:\\\/\\\/wolat.pl\\\/wp-content\\\/uploads\\\/2022\\\/08\\\/Logo_png.png\",\"contentUrl\":\"https:\\\/\\\/wolat.pl\\\/wp-content\\\/uploads\\\/2022\\\/08\\\/Logo_png.png\",\"width\":1081,\"height\":646,\"caption\":\"WOLAT biuro konstrukcyjne\"},\"image\":{\"@id\":\"https:\\\/\\\/wolat.pl\\\/#\\\/schema\\\/logo\\\/image\\\/\"}}]}<\/script>\n<!-- \/ Yoast SEO plugin. -->","yoast_head_json":{"title":"O firme | WOLAT","robots":{"index":"index","follow":"follow","max-snippet":"max-snippet:-1","max-image-preview":"max-image-preview:large","max-video-preview":"max-video-preview:-1"},"canonical":"https:\/\/wolat.pl\/en\/o-firme\/","og_locale":"en_GB","og_type":"article","og_title":"O firme | WOLAT","og_description":"o nas WOLAT &#8211; to biuro konstrukcyjne, ktore swiadcza kompleksowe us\u0142ugi w zakresie projektowania CAD (3D), oblicze\u0144 in\u017cynierskich (MES), rysunka technicznego oraz wizualizacja i rendering. Wykonujemy projektowanie cz\u0119\u015bci, podzespol\u00f3w, mechanizm\u00f3w, maszyn i urz\u0105dze\u0144 technicznych.\u00a0 Ofertujemy najwy\u017cszej jako\u015bci us\u0142ugi dla przemyslu, biznesu, nauki i codziennego \u017cycia.\u00a0Firma powsta\u0142a na podstawie stale rosn\u0105cego popytu na projektowo-konstrukcyjne us\u0142ugi. Mamy [&hellip;]","og_url":"https:\/\/wolat.pl\/en\/o-firme\/","og_site_name":"WOLAT","article_modified_time":"2024-10-20T11:52:47+00:00","og_image":[{"url":"https:\/\/wolat.pl\/wp-content\/uploads\/2021\/12\/Festo_logo.svg-1-e1639833211696.png","type":"","width":"","height":""}],"twitter_card":"summary_large_image","twitter_misc":{"Estimated reading time":"4 minutes"},"schema":{"@context":"https:\/\/schema.org","@graph":[{"@type":"WebPage","@id":"https:\/\/wolat.pl\/o-firme\/","url":"https:\/\/wolat.pl\/o-firme\/","name":"O firme | WOLAT","isPartOf":{"@id":"https:\/\/wolat.pl\/#website"},"primaryImageOfPage":{"@id":"https:\/\/wolat.pl\/o-firme\/#primaryimage"},"image":{"@id":"https:\/\/wolat.pl\/o-firme\/#primaryimage"},"thumbnailUrl":"https:\/\/wolat.pl\/wp-content\/uploads\/2021\/12\/Festo_logo.svg-1-e1639833211696.png","datePublished":"2021-12-17T14:00:34+00:00","dateModified":"2024-10-20T11:52:47+00:00","breadcrumb":{"@id":"https:\/\/wolat.pl\/o-firme\/#breadcrumb"},"inLanguage":"en-GB","potentialAction":[{"@type":"ReadAction","target":["https:\/\/wolat.pl\/o-firme\/"]}]},{"@type":"ImageObject","inLanguage":"en-GB","@id":"https:\/\/wolat.pl\/o-firme\/#primaryimage","url":"https:\/\/wolat.pl\/wp-content\/uploads\/2021\/12\/Festo_logo.svg-1-e1639833211696.png","contentUrl":"https:\/\/wolat.pl\/wp-content\/uploads\/2021\/12\/Festo_logo.svg-1-e1639833211696.png"},{"@type":"BreadcrumbList","@id":"https:\/\/wolat.pl\/o-firme\/#breadcrumb","itemListElement":[{"@type":"ListItem","position":1,"name":"Strona g\u0142\u00f3wna","item":"https:\/\/wolat.pl\/"},{"@type":"ListItem","position":2,"name":"O firme"}]},{"@type":"WebSite","@id":"https:\/\/wolat.pl\/#website","url":"https:\/\/wolat.pl\/","name":"WOLAT","description":"WOLAT - biuro konstrukcyjne, ktore swiadcza kompleksowe uslugi w zakresie projektowania CAD (3D), oblicze\u0144 in\u017cynierskich (MES), rysunka technicznego oraz wizualizacja i rendering","publisher":{"@id":"https:\/\/wolat.pl\/#organization"},"potentialAction":[{"@type":"SearchAction","target":{"@type":"EntryPoint","urlTemplate":"https:\/\/wolat.pl\/?s={search_term_string}"},"query-input":{"@type":"PropertyValueSpecification","valueRequired":true,"valueName":"search_term_string"}}],"inLanguage":"en-GB"},{"@type":"Organization","@id":"https:\/\/wolat.pl\/#organization","name":"WOLAT biuro konstrukcyjne","url":"https:\/\/wolat.pl\/","logo":{"@type":"ImageObject","inLanguage":"en-GB","@id":"https:\/\/wolat.pl\/#\/schema\/logo\/image\/","url":"https:\/\/wolat.pl\/wp-content\/uploads\/2022\/08\/Logo_png.png","contentUrl":"https:\/\/wolat.pl\/wp-content\/uploads\/2022\/08\/Logo_png.png","width":1081,"height":646,"caption":"WOLAT biuro konstrukcyjne"},"image":{"@id":"https:\/\/wolat.pl\/#\/schema\/logo\/image\/"}}]}},"_links":{"self":[{"href":"https:\/\/wolat.pl\/en\/wp-json\/wp\/v2\/pages\/254","targetHints":{"allow":["GET"]}}],"collection":[{"href":"https:\/\/wolat.pl\/en\/wp-json\/wp\/v2\/pages"}],"about":[{"href":"https:\/\/wolat.pl\/en\/wp-json\/wp\/v2\/types\/page"}],"author":[{"embeddable":true,"href":"https:\/\/wolat.pl\/en\/wp-json\/wp\/v2\/users\/1"}],"replies":[{"embeddable":true,"href":"https:\/\/wolat.pl\/en\/wp-json\/wp\/v2\/comments?post=254"}],"version-history":[{"count":162,"href":"https:\/\/wolat.pl\/en\/wp-json\/wp\/v2\/pages\/254\/revisions"}],"predecessor-version":[{"id":2122,"href":"https:\/\/wolat.pl\/en\/wp-json\/wp\/v2\/pages\/254\/revisions\/2122"}],"wp:attachment":[{"href":"https:\/\/wolat.pl\/en\/wp-json\/wp\/v2\/media?parent=254"}],"curies":[{"name":"wp","href":"https:\/\/api.w.org\/{rel}","templated":true}]}}